{"id":1481,"date":"2025-10-20T23:09:55","date_gmt":"2025-10-20T23:09:55","guid":{"rendered":"https:\/\/proavesrondoni.com.br\/?page_id=1481"},"modified":"2025-10-20T23:12:55","modified_gmt":"2025-10-20T23:12:55","slug":"roteiros","status":"publish","type":"page","link":"https:\/\/proavesrondoni.com.br\/en\/roteiros\/","title":{"rendered":"Itineraries"},"content":{"rendered":"<div data-elementor-type=\"wp-page\" data-elementor-id=\"1481\" class=\"elementor elementor-1481\" data-elementor-post-type=\"page\">\n\t\t\t\t<div class=\"elementor-element elementor-element-371de058 e-flex e-con-boxed wpr-particle-no wpr-jarallax-no wpr-parallax-no wpr-sticky-section-no wpr-column-slider-no wpr-equal-height-no e-con e-parent\" data-id=\"371de058\" data-element_type=\"container\" data-e-type=\"container\" data-settings=\"{&quot;background_background&quot;:&quot;classic&quot;}\">\n\t\t\t\t\t<div class=\"e-con-inner\">\n\t\t<div class=\"elementor-element elementor-element-6dcd7767 e-con-full e-flex wpr-particle-no wpr-jarallax-no wpr-parallax-no wpr-sticky-section-no wpr-column-slider-no wpr-equal-height-no e-con e-child\" data-id=\"6dcd7767\" data-element_type=\"container\" data-e-type=\"container\">\n\t\t\t\t<div class=\"elementor-element elementor-element-5031c22d animated-slow elementor-invisible elementor-widget elementor-widget-heading\" data-id=\"5031c22d\" data-element_type=\"widget\" data-e-type=\"widget\" data-settings=\"{&quot;_animation&quot;:&quot;slideInUp&quot;}\" data-widget_type=\"heading.default\">\n\t\t\t\t<div class=\"elementor-widget-container\">\n\t\t\t\t\t<h2 class=\"elementor-heading-title elementor-size-default\">Winged Shores of the Madeira River<\/h2>\t\t\t\t<\/div>\n\t\t\t\t<\/div>\n\t\t\t\t<div class=\"elementor-element elementor-element-1564e102 elementor-widget elementor-widget-text-editor\" data-id=\"1564e102\" data-element_type=\"widget\" data-e-type=\"widget\" data-widget_type=\"text-editor.default\">\n\t\t\t\t<div class=\"elementor-widget-container\">\n\t\t\t\t\t\t\t\t\t<p>The Madeira River, young and dynamic, is a natural divider that drives the diversity of Amazonian birds. Discover this richness through immersive expeditions and personalized itineraries exploring the region\u2019s unique wildlife.<\/p>\t\t\t\t\t\t\t\t<\/div>\n\t\t\t\t<\/div>\n\t\t\t\t<div class=\"elementor-element elementor-element-6ebc8f2c elementor-align-left elementor-widget elementor-widget-button\" data-id=\"6ebc8f2c\" data-element_type=\"widget\" data-e-type=\"widget\" data-widget_type=\"button.default\">\n\t\t\t\t<div class=\"elementor-widget-container\">\n\t\t\t\t\t\t\t\t\t<div class=\"elementor-button-wrapper\">\n\t\t\t\t\t<a class=\"elementor-button elementor-button-link elementor-size-lg elementor-animation-grow\" href=\"https:\/\/proavesrondoni.com.br\/en\/margens-aladas-do-rio-madeira\/\">\n\t\t\t\t\t\t<span class=\"elementor-button-content-wrapper\">\n\t\t\t\t\t\t\t\t\t<span class=\"elementor-button-text\">See Itinerary<\/span>\n\t\t\t\t\t<\/span>\n\t\t\t\t\t<\/a>\n\t\t\t\t<\/div>\n\t\t\t\t\t\t\t\t<\/div>\n\t\t\t\t<\/div>\n\t\t\t\t<\/div>\n\t\t\t\t<div class=\"elementor-element elementor-element-230f7fd3 elementor-widget elementor-widget-image\" data-id=\"230f7fd3\" data-element_type=\"widget\" data-e-type=\"widget\" data-widget_type=\"image.default\">\n\t\t\t\t<div class=\"elementor-widget-container\">\n\t\t\t\t\t\t\t\t\t\t\t\t\t\t\t<img fetchpriority=\"high\" decoding=\"async\" width=\"788\" height=\"500\" src=\"https:\/\/proavesrondoni.com.br\/wp-content\/uploads\/2025\/10\/Captura-de-tela-de-2025-10-20-20-01-21-e1761001429300.png\" class=\"attachment-large size-large wp-image-1492\" alt=\"\" srcset=\"https:\/\/proavesrondoni.com.br\/wp-content\/uploads\/2025\/10\/Captura-de-tela-de-2025-10-20-20-01-21-e1761001429300.png 788w, https:\/\/proavesrondoni.com.br\/wp-content\/uploads\/2025\/10\/Captura-de-tela-de-2025-10-20-20-01-21-e1761001429300-300x190.png 300w, https:\/\/proavesrondoni.com.br\/wp-content\/uploads\/2025\/10\/Captura-de-tela-de-2025-10-20-20-01-21-e1761001429300-768x487.png 768w, https:\/\/proavesrondoni.com.br\/wp-content\/uploads\/2025\/10\/Captura-de-tela-de-2025-10-20-20-01-21-e1761001429300-18x12.png 18w\" sizes=\"(max-width: 788px) 100vw, 788px\" \/>\t\t\t\t\t\t\t\t\t\t\t\t\t\t\t<\/div>\n\t\t\t\t<\/div>\n\t\t\t\t\t<\/div>\n\t\t\t\t<\/div>\n\t\t\t\t<\/div>","protected":false},"excerpt":{"rendered":"<p>Margens Aladas do Rio Madeira O Rio Madeira, jovem e din\u00e2mico, \u00e9 um divisor natural que impulsiona a diversidade das aves amaz\u00f4nicas. Descubra essa riqueza em expedi\u00e7\u00f5es imersivas e roteiros personalizados pela fauna \u00fanica da regi\u00e3o. Ver roteiro<\/p>","protected":false},"author":2,"featured_media":0,"parent":0,"menu_order":0,"comment_status":"closed","ping_status":"closed","template":"","meta":{"footnotes":""},"class_list":["post-1481","page","type-page","status-publish","hentry"],"_links":{"self":[{"href":"https:\/\/proavesrondoni.com.br\/en\/wp-json\/wp\/v2\/pages\/1481","targetHints":{"allow":["GET"]}}],"collection":[{"href":"https:\/\/proavesrondoni.com.br\/en\/wp-json\/wp\/v2\/pages"}],"about":[{"href":"https:\/\/proavesrondoni.com.br\/en\/wp-json\/wp\/v2\/types\/page"}],"author":[{"embeddable":true,"href":"https:\/\/proavesrondoni.com.br\/en\/wp-json\/wp\/v2\/users\/2"}],"replies":[{"embeddable":true,"href":"https:\/\/proavesrondoni.com.br\/en\/wp-json\/wp\/v2\/comments?post=1481"}],"version-history":[{"count":10,"href":"https:\/\/proavesrondoni.com.br\/en\/wp-json\/wp\/v2\/pages\/1481\/revisions"}],"predecessor-version":[{"id":1505,"href":"https:\/\/proavesrondoni.com.br\/en\/wp-json\/wp\/v2\/pages\/1481\/revisions\/1505"}],"wp:attachment":[{"href":"https:\/\/proavesrondoni.com.br\/en\/wp-json\/wp\/v2\/media?parent=1481"}],"curies":[{"name":"wp","href":"https:\/\/api.w.org\/{rel}","templated":true}]}}